{"id":906,"date":"2025-04-08T16:47:48","date_gmt":"2025-04-08T16:47:48","guid":{"rendered":"https:\/\/translinijos.lt\/?page_id=906"},"modified":"2025-04-15T11:00:11","modified_gmt":"2025-04-15T11:00:11","slug":"karjera","status":"publish","type":"page","link":"https:\/\/translinijos.lt\/de\/karjera\/","title":{"rendered":"Karriere"},"content":{"rendered":"<div data-elementor-type=\"wp-page\" data-elementor-id=\"906\" class=\"elementor elementor-906\" data-elementor-post-type=\"page\">\n\t\t\t\t\t\t<section class=\"elementor-section elementor-top-section elementor-element elementor-element-306e2453 elementor-section-height-min-height elementor-section-items-stretch elementor-section-content-space-between elementor-section-full_width elementor-section-height-default\" data-id=\"306e2453\" data-element_type=\"section\" data-settings=\"{&quot;background_background&quot;:&quot;gradient&quot;}\">\n\t\t\t\t\t\t\t<div class=\"elementor-background-overlay\"><\/div>\n\t\t\t\t\t\t\t<div class=\"elementor-container elementor-column-gap-default\">\n\t\t\t\t\t<div class=\"elementor-column elementor-col-100 elementor-top-column elementor-element elementor-element-633c1174\" data-id=\"633c1174\" data-element_type=\"column\">\n\t\t\t<div class=\"elementor-widget-wrap elementor-element-populated\">\n\t\t\t\t\t\t<section class=\"elementor-section elementor-inner-section elementor-element elementor-element-471eceee elementor-section-boxed elementor-section-height-default elementor-section-height-default\" data-id=\"471eceee\" data-element_type=\"section\">\n\t\t\t\t\t\t<div class=\"elementor-container elementor-column-gap-default\">\n\t\t\t\t\t<div class=\"elementor-column elementor-col-100 elementor-inner-column elementor-element elementor-element-7229b7c9\" data-id=\"7229b7c9\" data-element_type=\"column\">\n\t\t\t<div class=\"elementor-widget-wrap elementor-element-populated\">\n\t\t\t\t\t\t<div class=\"elementor-element elementor-element-65f50938 elementor-widget elementor-widget-spacer\" data-id=\"65f50938\" data-element_type=\"widget\" data-widget_type=\"spacer.default\">\n\t\t\t\t<div class=\"elementor-widget-container\">\n\t\t\t\t\t\t\t<div class=\"elementor-spacer\">\n\t\t\t<div class=\"elementor-spacer-inner\"><\/div>\n\t\t<\/div>\n\t\t\t\t\t\t<\/div>\n\t\t\t\t<\/div>\n\t\t\t\t\t<\/div>\n\t\t<\/div>\n\t\t\t\t\t<\/div>\n\t\t<\/section>\n\t\t\t\t<section class=\"elementor-section elementor-inner-section elementor-element elementor-element-6f668ad elementor-section-boxed elementor-section-height-default elementor-section-height-default\" data-id=\"6f668ad\" data-element_type=\"section\">\n\t\t\t\t\t\t<div class=\"elementor-container elementor-column-gap-default\">\n\t\t\t\t\t<div class=\"elementor-column elementor-col-50 elementor-inner-column elementor-element elementor-element-6b873498\" data-id=\"6b873498\" data-element_type=\"column\">\n\t\t\t<div class=\"elementor-widget-wrap elementor-element-populated\">\n\t\t\t\t\t\t<div class=\"elementor-element elementor-element-95ff90a elementor-invisible elementor-widget elementor-widget-elementskit-heading\" data-id=\"95ff90a\" data-element_type=\"widget\" data-settings=\"{&quot;_animation&quot;:&quot;fadeInDown&quot;}\" data-widget_type=\"elementskit-heading.default\">\n\t\t\t\t<div class=\"elementor-widget-container\">\n\t\t\t\t\t<div class=\"ekit-wid-con\" ><div class=\"ekit-heading elementskit-section-title-wraper text_left   ekit_heading_tablet-   ekit_heading_mobile-\"><h2 class=\"ekit-heading--title elementskit-section-title\">Karriere<\/h2><\/div><\/div>\t\t\t\t<\/div>\n\t\t\t\t<\/div>\n\t\t\t\t\t<\/div>\n\t\t<\/div>\n\t\t\t\t<div class=\"elementor-column elementor-col-50 elementor-inner-column elementor-element elementor-element-19b481f0\" data-id=\"19b481f0\" data-element_type=\"column\">\n\t\t\t<div class=\"elementor-widget-wrap\">\n\t\t\t\t\t\t\t<\/div>\n\t\t<\/div>\n\t\t\t\t\t<\/div>\n\t\t<\/section>\n\t\t\t\t\t<\/div>\n\t\t<\/div>\n\t\t\t\t\t<\/div>\n\t\t<\/section>\n\t\t<div class=\"elementor-element elementor-element-99bb1e6 e-flex e-con-boxed e-con e-parent\" data-id=\"99bb1e6\" data-element_type=\"container\" data-settings=\"{&quot;shape_divider_bottom_negative&quot;:&quot;yes&quot;,&quot;shape_divider_bottom&quot;:&quot;curve&quot;,&quot;background_background&quot;:&quot;classic&quot;}\">\n\t\t\t\t\t<div class=\"e-con-inner\">\n\t\t\t\t<div class=\"elementor-shape elementor-shape-bottom\" aria-hidden=\"true\" data-negative=\"true\">\n\t\t\t<svg xmlns=\"http:\/\/www.w3.org\/2000\/svg\" viewbox=\"0 0 1000 100\" preserveaspectratio=\"none\">\n\t<path class=\"elementor-shape-fill\" d=\"M500,97C126.7,96.3,0.8,19.8,0,0v100l1000,0V1C1000,19.4,873.3,97.8,500,97z\"\/>\n<\/svg>\t\t<\/div>\n\t\t<div class=\"elementor-element elementor-element-6cda975 e-flex e-con-boxed e-con e-child\" data-id=\"6cda975\" data-element_type=\"container\">\n\t\t\t\t\t<div class=\"e-con-inner\">\n\t\t<div class=\"elementor-element elementor-element-7b5a531 e-con-full e-flex e-con e-child\" data-id=\"7b5a531\" data-element_type=\"container\">\n\t\t\t\t<div class=\"elementor-element elementor-element-8005a1e elementor-invisible elementor-widget elementor-widget-elementskit-heading\" data-id=\"8005a1e\" data-element_type=\"widget\" data-settings=\"{&quot;_animation&quot;:&quot;fadeInUp&quot;}\" data-widget_type=\"elementskit-heading.default\">\n\t\t\t\t<div class=\"elementor-widget-container\">\n\t\t\t\t\t<div class=\"ekit-wid-con\" ><div class=\"ekit-heading elementskit-section-title-wraper text_left   ekit_heading_tablet-   ekit_heading_mobile-\"><h2 class=\"ekit-heading--title elementskit-section-title\">Werden Sie Teil von <span><span>Translinijos<\/span><\/span> lassen Sie uns gemeinsam etwas bewegen!<\/h2><\/div><\/div>\t\t\t\t<\/div>\n\t\t\t\t<\/div>\n\t\t\t\t<div class=\"elementor-element elementor-element-4bbb015 elementor-invisible elementor-widget elementor-widget-text-editor\" data-id=\"4bbb015\" data-element_type=\"widget\" data-settings=\"{&quot;_animation&quot;:&quot;fadeInUp&quot;}\" data-widget_type=\"text-editor.default\">\n\t\t\t\t<div class=\"elementor-widget-container\">\n\t\t\t\t\t\t\t\t\t<p class=\"\" data-start=\"0\" data-end=\"290\">Kommen Sie zu <strong data-start=\"202\" data-end=\"218\">Translinijos<\/strong> - einem modernen Stra\u00dfentransportunternehmen, das Wert auf Professionalit\u00e4t, Verantwortung und Teamleistung legt. Wir sind ein Logistikpartner, dem sowohl kleine Unternehmen als auch internationale Kunden vertrauen. Das Geheimnis unseres Erfolges ist unser qualifiziertes Team, unser moderner technischer Fuhrpark und unsere kontinuierliche Verbesserung.<\/p>\t\t\t\t\t\t\t\t<\/div>\n\t\t\t\t<\/div>\n\t\t\t\t<\/div>\n\t\t<div class=\"elementor-element elementor-element-7eb8a58 e-con-full e-flex e-con e-child\" data-id=\"7eb8a58\" data-element_type=\"container\">\n\t\t\t\t<div class=\"elementor-element elementor-element-bd55e8b elementor-widget__width-initial elementor-widget-mobile__width-inherit elementor-view-stacked elementor-shape-circle elementor-position-block-start elementor-mobile-position-block-start elementor-widget elementor-widget-icon-box\" data-id=\"bd55e8b\" data-element_type=\"widget\" data-widget_type=\"icon-box.default\">\n\t\t\t\t<div class=\"elementor-widget-container\">\n\t\t\t\t\t\t\t<div class=\"elementor-icon-box-wrapper\">\n\n\t\t\t\t\t\t<div class=\"elementor-icon-box-icon\">\n\t\t\t\t<span  class=\"elementor-icon\">\n\t\t\t\t<i aria-hidden=\"true\" class=\"icon icon-graph-2\"><\/i>\t\t\t\t<\/span>\n\t\t\t<\/div>\n\t\t\t\n\t\t\t\t\t\t<div class=\"elementor-icon-box-content\">\n\n\t\t\t\t\t\t\t\t\t<h5 class=\"elementor-icon-box-title\">\n\t\t\t\t\t\t<span  >\n\t\t\t\t\t\t\tWachstumschancen\t\t\t\t\t\t<\/span>\n\t\t\t\t\t<\/h5>\n\t\t\t\t\n\t\t\t\t\t\t\t\t\t<p class=\"elementor-icon-box-description\">\n\t\t\t\t\t\tIn unserem Team hat jeder Mitarbeiter die M\u00f6glichkeit, sich zu entwickeln - sowohl beruflich als auch pers\u00f6nlich.\t\t\t\t\t<\/p>\n\t\t\t\t\n\t\t\t<\/div>\n\t\t\t\n\t\t<\/div>\n\t\t\t\t\t\t<\/div>\n\t\t\t\t<\/div>\n\t\t\t\t<div class=\"elementor-element elementor-element-0f9e179 elementor-widget__width-initial elementor-widget-mobile__width-inherit elementor-view-stacked elementor-shape-circle elementor-position-block-start elementor-mobile-position-block-start elementor-widget elementor-widget-icon-box\" data-id=\"0f9e179\" data-element_type=\"widget\" data-widget_type=\"icon-box.default\">\n\t\t\t\t<div class=\"elementor-widget-container\">\n\t\t\t\t\t\t\t<div class=\"elementor-icon-box-wrapper\">\n\n\t\t\t\t\t\t<div class=\"elementor-icon-box-icon\">\n\t\t\t\t<span  class=\"elementor-icon\">\n\t\t\t\t<i aria-hidden=\"true\" class=\"icon icon-team\"><\/i>\t\t\t\t<\/span>\n\t\t\t<\/div>\n\t\t\t\n\t\t\t\t\t\t<div class=\"elementor-icon-box-content\">\n\n\t\t\t\t\t\t\t\t\t<h5 class=\"elementor-icon-box-title\">\n\t\t\t\t\t\t<span  >\n\t\t\t\t\t\t\tEinstellung gegen\u00fcber dem Arbeitnehmer\t\t\t\t\t\t<\/span>\n\t\t\t\t\t<\/h5>\n\t\t\t\t\n\t\t\t\t\t\t\t\t\t<p class=\"elementor-icon-box-description\">\n\t\t\t\t\t\tWir sch\u00e4tzen jedes einzelne Teammitglied und glauben, dass ein gutes Arbeitsklima mit respektvollen Beziehungen beginnt. \t\t\t\t\t<\/p>\n\t\t\t\t\n\t\t\t<\/div>\n\t\t\t\n\t\t<\/div>\n\t\t\t\t\t\t<\/div>\n\t\t\t\t<\/div>\n\t\t\t\t<div class=\"elementor-element elementor-element-8204386 elementor-widget__width-initial elementor-widget-mobile__width-inherit elementor-view-stacked elementor-shape-circle elementor-position-block-start elementor-mobile-position-block-start elementor-widget elementor-widget-icon-box\" data-id=\"8204386\" data-element_type=\"widget\" data-widget_type=\"icon-box.default\">\n\t\t\t\t<div class=\"elementor-widget-container\">\n\t\t\t\t\t\t\t<div class=\"elementor-icon-box-wrapper\">\n\n\t\t\t\t\t\t<div class=\"elementor-icon-box-icon\">\n\t\t\t\t<span  class=\"elementor-icon\">\n\t\t\t\t<i aria-hidden=\"true\" class=\"icon icon-monitor1\"><\/i>\t\t\t\t<\/span>\n\t\t\t<\/div>\n\t\t\t\n\t\t\t\t\t\t<div class=\"elementor-icon-box-content\">\n\n\t\t\t\t\t\t\t\t\t<h5 class=\"elementor-icon-box-title\">\n\t\t\t\t\t\t<span  >\n\t\t\t\t\t\t\tModernes Arbeitsumfeld\t\t\t\t\t\t<\/span>\n\t\t\t\t\t<\/h5>\n\t\t\t\t\n\t\t\t\t\t\t\t\t\t<p class=\"elementor-icon-box-description\">\n\t\t\t\t\t\tUnsere Stapler entsprechen den neuesten internationalen Normen, und fortschrittliche Systeme helfen Ihnen, genauer und sicherer zu arbeiten.\t\t\t\t\t<\/p>\n\t\t\t\t\n\t\t\t<\/div>\n\t\t\t\n\t\t<\/div>\n\t\t\t\t\t\t<\/div>\n\t\t\t\t<\/div>\n\t\t\t\t<div class=\"elementor-element elementor-element-b60f0e7 elementor-widget__width-initial elementor-widget-mobile__width-inherit elementor-view-stacked elementor-shape-circle elementor-position-block-start elementor-mobile-position-block-start elementor-widget elementor-widget-icon-box\" data-id=\"b60f0e7\" data-element_type=\"widget\" data-widget_type=\"icon-box.default\">\n\t\t\t\t<div class=\"elementor-widget-container\">\n\t\t\t\t\t\t\t<div class=\"elementor-icon-box-wrapper\">\n\n\t\t\t\t\t\t<div class=\"elementor-icon-box-icon\">\n\t\t\t\t<span  class=\"elementor-icon\">\n\t\t\t\t<i aria-hidden=\"true\" class=\"icon icon-hand_shake\"><\/i>\t\t\t\t<\/span>\n\t\t\t<\/div>\n\t\t\t\n\t\t\t\t\t\t<div class=\"elementor-icon-box-content\">\n\n\t\t\t\t\t\t\t\t\t<h5 class=\"elementor-icon-box-title\">\n\t\t\t\t\t\t<span  >\n\t\t\t\t\t\t\tStabilit\u00e4t und Vertrauen\t\t\t\t\t\t<\/span>\n\t\t\t\t\t<\/h5>\n\t\t\t\t\n\t\t\t\t\t\t\t\t\t<p class=\"elementor-icon-box-description\">\n\t\t\t\t\t\tWir sind seit vielen Jahren im Gesch\u00e4ft, verf\u00fcgen \u00fcber ein Netz von langj\u00e4hrigen Partnern und einen wachsenden Kundenstamm.\t\t\t\t\t<\/p>\n\t\t\t\t\n\t\t\t<\/div>\n\t\t\t\n\t\t<\/div>\n\t\t\t\t\t\t<\/div>\n\t\t\t\t<\/div>\n\t\t\t\t<\/div>\n\t\t\t\t\t<\/div>\n\t\t\t\t<\/div>\n\t\t\t\t\t<\/div>\n\t\t\t\t<\/div>\n\t\t<div class=\"elementor-element elementor-element-6b5f2dd e-flex e-con-boxed e-con e-parent\" data-id=\"6b5f2dd\" data-element_type=\"container\">\n\t\t\t\t\t<div class=\"e-con-inner\">\n\t\t<div class=\"elementor-element elementor-element-ed7dafb e-flex e-con-boxed e-con e-child\" data-id=\"ed7dafb\" data-element_type=\"container\">\n\t\t\t\t\t<div class=\"e-con-inner\">\n\t\t<div class=\"elementor-element elementor-element-47fcf98 e-con-full e-flex e-con e-child\" data-id=\"47fcf98\" data-element_type=\"container\">\n\t\t\t\t<div class=\"elementor-element elementor-element-1231017 elementor-invisible elementor-widget elementor-widget-elementskit-heading\" data-id=\"1231017\" data-element_type=\"widget\" data-settings=\"{&quot;_animation&quot;:&quot;fadeInUp&quot;}\" data-widget_type=\"elementskit-heading.default\">\n\t\t\t\t<div class=\"elementor-widget-container\">\n\t\t\t\t\t<div class=\"ekit-wid-con\" ><div class=\"ekit-heading elementskit-section-title-wraper text_left   ekit_heading_tablet-   ekit_heading_mobile-\"><h2 class=\"ekit-heading--title elementskit-section-title\">Um sich zu bewerben, f\u00fcllen Sie bitte das nachstehende Formular aus oder wenden Sie sich direkt an uns.<\/h2><\/div><\/div>\t\t\t\t<\/div>\n\t\t\t\t<\/div>\n\t\t\t\t<div class=\"elementor-element elementor-element-1c14646 elementor-invisible elementor-widget elementor-widget-elementskit-heading\" data-id=\"1c14646\" data-element_type=\"widget\" data-settings=\"{&quot;_animation&quot;:&quot;fadeInUp&quot;}\" data-widget_type=\"elementskit-heading.default\">\n\t\t\t\t<div class=\"elementor-widget-container\">\n\t\t\t\t\t<div class=\"ekit-wid-con\" ><div class=\"ekit-heading elementskit-section-title-wraper text_left   ekit_heading_tablet-   ekit_heading_mobile-\"><h2 class=\"ekit-heading--title elementskit-section-title\">Wir suchen derzeit nach:<\/h2><\/div><\/div>\t\t\t\t<\/div>\n\t\t\t\t<\/div>\n\t\t<div class=\"elementor-element elementor-element-5909de6 e-grid e-con-full e-con e-child\" data-id=\"5909de6\" data-element_type=\"container\">\n\t\t\t\t<div class=\"elementor-element elementor-element-a33b452 elementor-invisible elementor-widget elementor-widget-elementskit-heading\" data-id=\"a33b452\" data-element_type=\"widget\" data-settings=\"{&quot;_animation&quot;:&quot;fadeInUp&quot;}\" data-widget_type=\"elementskit-heading.default\">\n\t\t\t\t<div class=\"elementor-widget-container\">\n\t\t\t\t\t<div class=\"ekit-wid-con\" ><div class=\"ekit-heading elementskit-section-title-wraper text_left   ekit_heading_tablet-   ekit_heading_mobile-\"><h2 class=\"ekit-heading--title elementskit-section-title\">Transport Manager<\/h2><\/div><\/div>\t\t\t\t<\/div>\n\t\t\t\t<\/div>\n\t\t\t\t<div class=\"elementor-element elementor-element-5bc70ad elementor-icon-list--layout-inline elementor-mobile-align-center elementor-list-item-link-full_width elementor-widget elementor-widget-icon-list\" data-id=\"5bc70ad\" data-element_type=\"widget\" data-widget_type=\"icon-list.default\">\n\t\t\t\t<div class=\"elementor-widget-container\">\n\t\t\t\t\t\t\t<ul class=\"elementor-icon-list-items elementor-inline-items\">\n\t\t\t\t\t\t\t<li class=\"elementor-icon-list-item elementor-inline-item\">\n\t\t\t\t\t\t\t\t\t\t\t<span class=\"elementor-icon-list-icon\">\n\t\t\t\t\t\t\t<i aria-hidden=\"true\" class=\"icon icon-clock2\"><\/i>\t\t\t\t\t\t<\/span>\n\t\t\t\t\t\t\t\t\t\t<span class=\"elementor-icon-list-text\">Ganzer Arbeitstag<\/span>\n\t\t\t\t\t\t\t\t\t<\/li>\n\t\t\t\t\t\t\t\t<li class=\"elementor-icon-list-item elementor-inline-item\">\n\t\t\t\t\t\t\t\t\t\t\t<span class=\"elementor-icon-list-icon\">\n\t\t\t\t\t\t\t<i aria-hidden=\"true\" class=\"icon icon-map-marker\"><\/i>\t\t\t\t\t\t<\/span>\n\t\t\t\t\t\t\t\t\t\t<span class=\"elementor-icon-list-text\">Vilnius<\/span>\n\t\t\t\t\t\t\t\t\t<\/li>\n\t\t\t\t\t\t<\/ul>\n\t\t\t\t\t\t<\/div>\n\t\t\t\t<\/div>\n\t\t\t\t<\/div>\n\t\t<div class=\"elementor-element elementor-element-15a9355 e-grid e-con-full e-con e-child\" data-id=\"15a9355\" data-element_type=\"container\">\n\t\t\t\t<div class=\"elementor-element elementor-element-ed7eb45 elementor-invisible elementor-widget elementor-widget-elementskit-heading\" data-id=\"ed7eb45\" data-element_type=\"widget\" data-settings=\"{&quot;_animation&quot;:&quot;fadeInUp&quot;}\" data-widget_type=\"elementskit-heading.default\">\n\t\t\t\t<div class=\"elementor-widget-container\">\n\t\t\t\t\t<div class=\"ekit-wid-con\" ><div class=\"ekit-heading elementskit-section-title-wraper text_left   ekit_heading_tablet-   ekit_heading_mobile-\"><h2 class=\"ekit-heading--title elementskit-section-title\">Treiber (CE-Kat.)<\/h2><\/div><\/div>\t\t\t\t<\/div>\n\t\t\t\t<\/div>\n\t\t\t\t<div class=\"elementor-element elementor-element-01dbbdf elementor-icon-list--layout-inline elementor-mobile-align-center elementor-list-item-link-full_width elementor-widget elementor-widget-icon-list\" data-id=\"01dbbdf\" data-element_type=\"widget\" data-widget_type=\"icon-list.default\">\n\t\t\t\t<div class=\"elementor-widget-container\">\n\t\t\t\t\t\t\t<ul class=\"elementor-icon-list-items elementor-inline-items\">\n\t\t\t\t\t\t\t<li class=\"elementor-icon-list-item elementor-inline-item\">\n\t\t\t\t\t\t\t\t\t\t\t<span class=\"elementor-icon-list-icon\">\n\t\t\t\t\t\t\t<i aria-hidden=\"true\" class=\"icon icon-clock2\"><\/i>\t\t\t\t\t\t<\/span>\n\t\t\t\t\t\t\t\t\t\t<span class=\"elementor-icon-list-text\">Ganzer Arbeitstag<\/span>\n\t\t\t\t\t\t\t\t\t<\/li>\n\t\t\t\t\t\t\t\t<li class=\"elementor-icon-list-item elementor-inline-item\">\n\t\t\t\t\t\t\t\t\t\t\t<span class=\"elementor-icon-list-icon\">\n\t\t\t\t\t\t\t<i aria-hidden=\"true\" class=\"icon icon-map-marker\"><\/i>\t\t\t\t\t\t<\/span>\n\t\t\t\t\t\t\t\t\t\t<span class=\"elementor-icon-list-text\">Europa<\/span>\n\t\t\t\t\t\t\t\t\t<\/li>\n\t\t\t\t\t\t<\/ul>\n\t\t\t\t\t\t<\/div>\n\t\t\t\t<\/div>\n\t\t\t\t<\/div>\n\t\t\t\t<\/div>\n\t\t<div class=\"elementor-element elementor-element-f73e0d9 e-con-full e-flex e-con e-child\" data-id=\"f73e0d9\" data-element_type=\"container\">\n\t\t\t\t<div class=\"elementor-element elementor-element-78c5122 elementor-widget elementor-widget-shortcode\" data-id=\"78c5122\" data-element_type=\"widget\" data-widget_type=\"shortcode.default\">\n\t\t\t\t<div class=\"elementor-widget-container\">\n\t\t\t\t\t\t\t<div class=\"elementor-shortcode\"><div class=\"forminator-ui forminator-custom-form forminator-custom-form-1509 forminator-design--material  forminator_ajax\" data-forminator-render=\"0\" data-form=\"forminator-module-1509\" data-uid=\"69edcd0713f78\"><br\/><\/div><form\n\t\t\t\tid=\"forminator-module-1509\"\n\t\t\t\tclass=\"forminator-ui forminator-custom-form forminator-custom-form-1509 forminator-design--material  forminator_ajax\"\n\t\t\t\tmethod=\"post\"\n\t\t\t\tdata-forminator-render=\"0\"\n\t\t\t\tdata-form-id=\"1509\"\n\t\t\t\tenctype=\"multipart\/form-data\" data-color-option=\"theme\" data-design=\"material\" data-grid=\"open\" style=\"display: none;\"\n\t\t\t\tdata-uid=\"69edcd0713f78\" action=\"\"\n\t\t\t><div role=\"alert\" aria-live=\"polite\" class=\"forminator-response-message forminator-error\" aria-hidden=\"true\"><\/div><div class=\"forminator-row\"><div id=\"name-1\" class=\"forminator-field-name forminator-col forminator-col-12\"><div class=\"forminator-field\"><label for=\"forminator-field-name-1_69edcd0713f78\" id=\"forminator-field-name-1_69edcd0713f78-label\" class=\"forminator-label\">Ihr Name <span class=\"forminator-required\">*<\/span><\/label><input type=\"text\" name=\"name-1\" value=\"\" placeholder=\"Ihr Name\" id=\"forminator-field-name-1_69edcd0713f78\" class=\"forminator-input forminator-name--field\" aria-required=\"true\" autocomplete=\"name\" \/><\/div><\/div><\/div><div class=\"forminator-row\"><div id=\"email-1\" class=\"forminator-field-email forminator-col forminator-col-12\"><div class=\"forminator-field\"><label for=\"forminator-field-email-1_69edcd0713f78\" id=\"forminator-field-email-1_69edcd0713f78-label\" class=\"forminator-label\">E-Mail <span class=\"forminator-required\">*<\/span><\/label><input type=\"email\" name=\"email-1\" value=\"\" placeholder=\"E-Mail\" id=\"forminator-field-email-1_69edcd0713f78\" class=\"forminator-input forminator-email--field\" data-required=\"true\" aria-required=\"true\" autocomplete=\"email\" \/><\/div><\/div><\/div><div class=\"forminator-row\"><div id=\"textarea-2\" class=\"forminator-field-textarea forminator-col forminator-col-12\"><div class=\"forminator-field\"><label for=\"forminator-field-textarea-2_69edcd0713f78\" id=\"forminator-field-textarea-2_69edcd0713f78-label\" class=\"forminator-label\">Stellung im Beruf <span class=\"forminator-required\">*<\/span><\/label><textarea name=\"textarea-2\" placeholder=\"Stellung im Beruf\" id=\"forminator-field-textarea-2_69edcd0713f78\" class=\"forminator-textarea\" rows=\"6\" style=\"min-height:10px;\" ><\/textarea><\/div><\/div><\/div><div class=\"forminator-row\"><div id=\"upload-1\" class=\"forminator-field-upload forminator-col forminator-col-12\"><div class=\"forminator-field\"><label for=\"forminator-field-upload-1_69edcd0713f78\" id=\"forminator-field-upload-1_69edcd0713f78-label\" class=\"forminator-label\">Laden Sie Ihren Lebenslauf hoch <span class=\"forminator-required\">*<\/span><\/label><div class=\"forminator-file-upload\" data-element=\"upload-1_69edcd0713f78\"><input type=\"file\" name=\"upload-1\" id=\"forminator-field-upload-1_69edcd0713f78\" class=\"forminator-input-file-required do-validate\" accept=\".avif,.heif,.heics,.heifs,.stl,.stp,.doc,.docx,.dotx,.odt,.pdf\" tabindex=\"-1\"><button id=\"forminator-field-upload-1_69edcd0713f78_button\" class=\"forminator-button forminator-button-upload\" data-id=\"forminator-field-upload-1_69edcd0713f78\">Datei ausw\u00e4hlen<\/button><span data-empty-text=\"Keine Datei ausgew\u00e4hlt\">Keine Datei ausgew\u00e4hlt<\/span><button class=\"forminator-button-delete\" style=\"display: none;\"><i class=\"forminator-icon-close\" aria-hidden=\"true\"><\/i><span class=\"forminator-screen-reader-only\">Hochgeladene Datei l\u00f6schen<\/span><\/button><\/div><\/div><\/div><\/div><input type=\"hidden\" name=\"referer_url\" value=\"\" \/><div class=\"forminator-row forminator-row-last\"><div class=\"forminator-col\"><div class=\"forminator-field\"><button class=\"forminator-button forminator-button-submit\"><span>Anfrage senden<\/span><span aria-hidden=\"true\"><\/span><\/button><\/div><\/div><\/div><input type=\"hidden\" id=\"forminator_nonce\" name=\"forminator_nonce\" value=\"e259f9f3f9\" \/><input type=\"hidden\" name=\"_wp_http_referer\" value=\"\/de\/wp-json\/wp\/v2\/pages\/906\" \/><input type=\"hidden\" name=\"form_id\" value=\"1509\"><input type=\"hidden\" name=\"page_id\" value=\"906\"><input type=\"hidden\" name=\"form_type\" value=\"default\"><input type=\"hidden\" name=\"current_url\" value=\"https:\/\/translinijos.lt\/de\/karjera\/\"><input type=\"hidden\" name=\"render_id\" value=\"0\"><input type=\"hidden\" name=\"action\" value=\"forminator_submit_form_custom-forms\"><input type=\"hidden\" name=\"trp-form-language\" value=\"de\"\/><\/form><\/div>\n\t\t\t\t\t\t<\/div>\n\t\t\t\t<\/div>\n\t\t\t\t<\/div>\n\t\t\t\t\t<\/div>\n\t\t\t\t<\/div>\n\t\t\t\t\t<\/div>\n\t\t\t\t<\/div>\n\t\t\t\t<\/div>","protected":false},"excerpt":{"rendered":"<p>Karjera Tapk Translinijos dalimi \u2013 jud\u0117kime \u012f priek\u012f kartu! Prisijunk prie Translinijos \u2013 \u0161iuolaiki\u0161kos keli\u0173 transporto \u012fmon\u0117s, vertinan\u010dios profesionalum\u0105, atsakomyb\u0119 ir komandinius rezultatus. Esame logistikos partneriai, kuri\u0173 paslaugomis pasitiki tiek smulkios \u012fmon\u0117s, tiek tarptautiniai klientai. M\u016bs\u0173 s\u0117km\u0117s paslaptis \u2013 kvalifikuota komanda, modernus techninis parkas ir nuolatinis tobul\u0117jimas. Augimo galimyb\u0117s M\u016bs\u0173 komandoje kiekvienas darbuotojas turi galimyb\u0119 [&hellip;]<\/p>","protected":false},"author":2,"featured_media":0,"parent":0,"menu_order":0,"comment_status":"closed","ping_status":"closed","template":"elementor_header_footer","meta":{"footnotes":""},"class_list":["post-906","page","type-page","status-publish","hentry"],"_links":{"self":[{"href":"https:\/\/translinijos.lt\/de\/wp-json\/wp\/v2\/pages\/906","targetHints":{"allow":["GET"]}}],"collection":[{"href":"https:\/\/translinijos.lt\/de\/wp-json\/wp\/v2\/pages"}],"about":[{"href":"https:\/\/translinijos.lt\/de\/wp-json\/wp\/v2\/types\/page"}],"author":[{"embeddable":true,"href":"https:\/\/translinijos.lt\/de\/wp-json\/wp\/v2\/users\/2"}],"replies":[{"embeddable":true,"href":"https:\/\/translinijos.lt\/de\/wp-json\/wp\/v2\/comments?post=906"}],"version-history":[{"count":85,"href":"https:\/\/translinijos.lt\/de\/wp-json\/wp\/v2\/pages\/906\/revisions"}],"predecessor-version":[{"id":1522,"href":"https:\/\/translinijos.lt\/de\/wp-json\/wp\/v2\/pages\/906\/revisions\/1522"}],"wp:attachment":[{"href":"https:\/\/translinijos.lt\/de\/wp-json\/wp\/v2\/media?parent=906"}],"curies":[{"name":"wp","href":"https:\/\/api.w.org\/{rel}","templated":true}]}}